{"id":4123,"date":"2025-07-14T11:04:46","date_gmt":"2025-07-14T09:04:46","guid":{"rendered":"https:\/\/korbanprofessional.pl\/mi-cuenta\/"},"modified":"2025-12-10T12:38:32","modified_gmt":"2025-12-10T11:38:32","slug":"mi-cuenta","status":"publish","type":"page","link":"https:\/\/korbanprofessional.pl\/es\/mi-cuenta\/","title":{"rendered":"Mi cuenta"},"content":{"rendered":"<div class=\"bde-woopageaccount breakdance-woocommerce\"><div class=\"woocommerce\"><\/div><\/div>\n","protected":false},"excerpt":{"rendered":"<p>W panelu \u201eMoje konto\u201d szybko sprawdzisz swoje zam\u00f3wienia, edytujesz dane oraz zarz\u0105dzisz preferencjami. To Twoja strefa, w kt\u00f3rej zadbasz o wygod\u0119 i bezpiecze\u0144stwo zakup\u00f3w w Korban Professional.<\/p>\n","protected":false},"author":45,"featured_media":4124,"parent":0,"menu_order":0,"comment_status":"closed","ping_status":"closed","template":"","meta":{"_acf_changed":false,"_breakdance_hide_in_design_set":false,"_breakdance_tags":"","footnotes":""},"class_list":["post-4123","page","type-page","status-publish","has-post-thumbnail","hentry"],"acf":[],"_links":{"self":[{"href":"https:\/\/korbanprofessional.pl\/es\/wp-json\/wp\/v2\/pages\/4123","targetHints":{"allow":["GET"]}}],"collection":[{"href":"https:\/\/korbanprofessional.pl\/es\/wp-json\/wp\/v2\/pages"}],"about":[{"href":"https:\/\/korbanprofessional.pl\/es\/wp-json\/wp\/v2\/types\/page"}],"author":[{"embeddable":true,"href":"https:\/\/korbanprofessional.pl\/es\/wp-json\/wp\/v2\/users\/45"}],"replies":[{"embeddable":true,"href":"https:\/\/korbanprofessional.pl\/es\/wp-json\/wp\/v2\/comments?post=4123"}],"version-history":[{"count":0,"href":"https:\/\/korbanprofessional.pl\/es\/wp-json\/wp\/v2\/pages\/4123\/revisions"}],"wp:featuredmedia":[{"embeddable":true,"href":"https:\/\/korbanprofessional.pl\/es\/wp-json\/wp\/v2\/media\/4124"}],"wp:attachment":[{"href":"https:\/\/korbanprofessional.pl\/es\/wp-json\/wp\/v2\/media?parent=4123"}],"curies":[{"name":"wp","href":"https:\/\/api.w.org\/{rel}","templated":true}]}}